{"id":56213,"date":"2024-08-28T15:41:25","date_gmt":"2024-08-28T13:41:25","guid":{"rendered":"https:\/\/yokuchi.com\/b2b\/?post_type=product&#038;p=56213"},"modified":"2026-03-07T11:25:19","modified_gmt":"2026-03-07T10:25:19","slug":"gen-fe-iron-plynny-nawoz-zelazowy-400-ml","status":"publish","type":"product","link":"https:\/\/yokuchi.com\/b2b\/produkt\/gen-fe-iron-plynny-nawoz-zelazowy-400-ml\/","title":{"rendered":"Gen Fe iron &#8211; p\u0142ynny naw\u00f3z \u017celazowy 400 ML"},"content":{"rendered":"","protected":false},"excerpt":{"rendered":"[su_custom_gallery source=\"media: 60965\" title=\"never\"]\n<p><b>Gen Fe iron liquid fertilizer<\/b><\/p>\n<p><span style=\"font-weight: 400;\">\u017belazo zaliczane do mikroelement\u00f3w i pobierane jest przez ro\u015bliny jako jon Fe<\/span><span style=\"font-weight: 400;\">2+<\/span><span style=\"font-weight: 400;\">. \u017belazo jest niezb\u0119dne do syntezy chlorofilu,\u00a0 wchodzi w sk\u0142ad niekt\u00f3rych bia\u0142ek i bierze r\u00f3wnie\u017c udzia\u0142 w procesie oddychania kom\u00f3rkowego. \u017belazo pod wzgl\u0119dem mobilno\u015bci zaliczane jest do pierwiastk\u00f3w po\u015brednich. Objawy jego niedoboru pojawiaj\u0105 si\u0119 najpierw na m\u0142odych li\u015bciach, a z czasem mog\u0105 jednak dotyczy\u0107 tak\u017ce starszych.<\/span><\/p>\n<p><b>Gen Fe <\/b><span style=\"font-weight: 400;\">to<\/span> <span style=\"font-weight: 400;\">preparat oparty na organicznych zwi\u0105zkach \u017celaza II-warto\u015bciowego o doskona\u0142ej stabilno\u015bci i bardzo wysokiej przyswajalno\u015bci. <\/span><b>Gen Fe <\/b><span style=\"font-weight: 400;\">znacz\u0105co uwydatnia czerwon\u0105 i pomara\u0144czow\u0105 barw\u0119 poprzez wspomaganie syntezy antocyjan\u00f3w i karotenoid\u00f3w. Nowoczesna formu\u0142a preparatu pozwala na jego dozowanie podczas dzia\u0142ania o\u015bwietlenia, jednak stosowanie preparatu przy wy\u0142\u0105czonym o\u015bwietleniu daje najlepsze efekty. <\/span><\/p>\n<p>&nbsp;<\/p>\n<p><strong>Dawkowanie:<\/strong><\/p>\n<p><strong>400ml:<\/strong> 1klik\/100litr\u00f3w wody dziennie. Dozowa\u0107 najlepiej w pobli\u017cu wylotu wody z filtra. W przypadku du\u017cej ilo\u015bci ro\u015blin nale\u017cy odpowiednio zwi\u0119kszy\u0107 dawk\u0119 nawozu.<\/p>\n<p>&nbsp;<\/p>\n","protected":false},"featured_media":268,"template":"","meta":[],"product_brand":[],"product_cat":[18],"product_tag":[91,112,114,103,92,113],"class_list":{"0":"post-56213","1":"product","2":"type-product","3":"status-publish","4":"has-post-thumbnail","6":"product_cat-nawozy-plynne","7":"product_tag-dla-roslin","8":"product_tag-gen-fe","9":"product_tag-iron","10":"product_tag-nawoz","11":"product_tag-yokuchi","12":"product_tag-zelazo","14":"first","15":"instock","16":"taxable","17":"shipping-taxable","18":"product-type-simple"},"_links":{"self":[{"href":"https:\/\/yokuchi.com\/b2b\/wp-json\/wp\/v2\/product\/56213","targetHints":{"allow":["GET"]}}],"collection":[{"href":"https:\/\/yokuchi.com\/b2b\/wp-json\/wp\/v2\/product"}],"about":[{"href":"https:\/\/yokuchi.com\/b2b\/wp-json\/wp\/v2\/types\/product"}],"wp:featuredmedia":[{"embeddable":true,"href":"https:\/\/yokuchi.com\/b2b\/wp-json\/wp\/v2\/media\/268"}],"wp:attachment":[{"href":"https:\/\/yokuchi.com\/b2b\/wp-json\/wp\/v2\/media?parent=56213"}],"wp:term":[{"taxonomy":"product_brand","embeddable":true,"href":"https:\/\/yokuchi.com\/b2b\/wp-json\/wp\/v2\/product_brand?post=56213"},{"taxonomy":"product_cat","embeddable":true,"href":"https:\/\/yokuchi.com\/b2b\/wp-json\/wp\/v2\/product_cat?post=56213"},{"taxonomy":"product_tag","embeddable":true,"href":"https:\/\/yokuchi.com\/b2b\/wp-json\/wp\/v2\/product_tag?post=56213"}],"curies":[{"name":"wp","href":"https:\/\/api.w.org\/{rel}","templated":true}]}}