{"id":56196,"date":"2024-08-28T15:29:36","date_gmt":"2024-08-28T13:29:36","guid":{"rendered":"https:\/\/yokuchi.com\/b2b\/?post_type=product&#038;p=56196"},"modified":"2026-03-07T11:26:07","modified_gmt":"2026-03-07T10:26:07","slug":"janguru-soil-podloze-do-terrarium-4-kg","status":"publish","type":"product","link":"https:\/\/yokuchi.com\/b2b\/produkt\/janguru-soil-podloze-do-terrarium-4-kg\/","title":{"rendered":"Janguru Soil &#8211; Pod\u0142o\u017ce do terrarium 4L"},"content":{"rendered":"","protected":false},"excerpt":{"rendered":"<p><strong>Produkt zosta\u0142 wyr\u00f3\u017cniony nagrod\u0105 &#8220;Produkt Roku 2021&#8221; w niezale\u017cnym plebiscycie organizowanym przez specjalistyczny magazyn bran\u017cowy &#8211; ZooBran\u017ca<\/strong><\/p>\n<p><strong>Pod\u0142o\u017ce Janguru Soil<\/strong><br \/>\nSpecjalistyczne pod\u0142o\u017ce przeznaczone do uprawy ro\u015blin egzotycznych ze strefy r\u00f3wnikowej w hobbystycznych uprawach. Skomponowane na bazie najwy\u017cszej jako\u015bci surowc\u00f3w pochodzenia naturalnego, wzorowane na warstwie pr\u00f3chnicznej las\u00f3w deszczowych. Cechuj\u0105ce si\u0119 kwa\u015bnym odczynem, du\u017c\u0105 zawarto\u015bci\u0105 pr\u00f3chnicy (materia organiczna), naturalnych i\u0142\u00f3w o znacznej zawarto\u015bci \u017celaza. Dodatkowo pod\u0142o\u017ce zosta\u0142o wzbogacone o najwy\u017cszej jako\u015bci w\u0119giel aktywny, kt\u00f3rego zadaniem jest poch\u0142anianie toksycznych metali ci\u0119\u017ckich, zapobieganie butwieniu korzeni ro\u015blin, niwelowanie nieprzyjemnych zapach\u00f3w. Granulowana forma zwi\u0119ksza dost\u0119pno\u015b\u0107 tlenu w pod\u0142o\u017cu, kt\u00f3ra jest o wiele wy\u017csza ni\u017c w przypadku tradycyjnego pod\u0142o\u017ca. Tlen wp\u0142ywa na wzrost liczebno\u015bci po\u017cytecznych mikroorganizm\u00f3w jak i umo\u017cliwia ro\u015blinie bezproblemow\u0105 wymian\u0119 gazow\u0105 przez system korzeniowy.<\/p>\n<p><strong>Stosowanie:<\/strong><br \/>\nWysyp na dno terrarium\/naczynia <strong>Haisu base<\/strong> (oko\u0142o 4-5cm) nast\u0119pnie przysyp warstw\u0105 <strong>Janguru Soil<\/strong>. U\u0142\u00f3\u017c aran\u017cacj\u0119, posad\u017a ro\u015bliny i podlej.<\/p>\n","protected":false},"featured_media":16019,"template":"","meta":[],"product_brand":[],"product_cat":[19],"product_tag":[127,126,89,92],"class_list":{"0":"post-56196","1":"product","2":"type-product","3":"status-publish","4":"has-post-thumbnail","6":"product_cat-podloza","7":"product_tag-do-terrarium","8":"product_tag-janguru-soil","9":"product_tag-podloze","10":"product_tag-yokuchi","12":"first","13":"instock","14":"taxable","15":"shipping-taxable","16":"product-type-simple"},"_links":{"self":[{"href":"https:\/\/yokuchi.com\/b2b\/wp-json\/wp\/v2\/product\/56196","targetHints":{"allow":["GET"]}}],"collection":[{"href":"https:\/\/yokuchi.com\/b2b\/wp-json\/wp\/v2\/product"}],"about":[{"href":"https:\/\/yokuchi.com\/b2b\/wp-json\/wp\/v2\/types\/product"}],"wp:featuredmedia":[{"embeddable":true,"href":"https:\/\/yokuchi.com\/b2b\/wp-json\/wp\/v2\/media\/16019"}],"wp:attachment":[{"href":"https:\/\/yokuchi.com\/b2b\/wp-json\/wp\/v2\/media?parent=56196"}],"wp:term":[{"taxonomy":"product_brand","embeddable":true,"href":"https:\/\/yokuchi.com\/b2b\/wp-json\/wp\/v2\/product_brand?post=56196"},{"taxonomy":"product_cat","embeddable":true,"href":"https:\/\/yokuchi.com\/b2b\/wp-json\/wp\/v2\/product_cat?post=56196"},{"taxonomy":"product_tag","embeddable":true,"href":"https:\/\/yokuchi.com\/b2b\/wp-json\/wp\/v2\/product_tag?post=56196"}],"curies":[{"name":"wp","href":"https:\/\/api.w.org\/{rel}","templated":true}]}}