{"id":179,"date":"2019-08-14T20:13:06","date_gmt":"2019-08-14T18:13:06","guid":{"rendered":"http:\/\/yokuchi.com\/?post_type=product&#038;p=179"},"modified":"2026-03-07T11:25:49","modified_gmt":"2026-03-07T10:25:49","slug":"ishiko-plant-mineral-specjalistyczna-mieszanka-mineralow-75-g","status":"publish","type":"product","link":"https:\/\/yokuchi.com\/b2b\/produkt\/ishiko-plant-mineral-specjalistyczna-mieszanka-mineralow-75-g\/","title":{"rendered":"Ishiko plant mineral &#8211; specjalistyczna mieszanka minera\u0142\u00f3w 75 G"},"content":{"rendered":"","protected":false},"excerpt":{"rendered":"[su_custom_gallery source=\"media: 60965\" title=\"never\"]\n<p><span style=\"font-weight: 400;\">Odpowiednie st\u0119\u017cenie metali alkalicznych do kt\u00f3rych nale\u017c\u0105 m.in. Ca, Mg i K ma istotne znaczenie w utrzymaniu w\u0142a\u015bciwej\u00a0 lepko\u015bci cytoplazmy i przepuszczalno\u015bci b\u0142on kom\u00f3rkowych. Z\u0142e proporcje tych pierwiastk\u00f3w w s\u0142upie wody powoduj\u0105 problemy w pobieraniu sk\u0142adnik\u00f3w pokarmowych przez co hodowla bardziej wymagaj\u0105cych gatunk\u00f3w ro\u015blin staje si\u0119 niemo\u017cliwa. <\/span><b>Ishiko plant mineral <\/b><span style=\"font-weight: 400;\">to<\/span> <span style=\"font-weight: 400;\">innowacyjny<\/span> <span style=\"font-weight: 400;\">preparat s\u0142u\u017c\u0105cy do uzdatniania wody z filtr\u00f3w odwr\u00f3conej osmozy (RO). <\/span><b>Ishiko plant mineral<\/b><span style=\"font-weight: 400;\"> jest mieszanin\u0105 minera\u0142\u00f3w, kt\u00f3ra tworzy idealne \u015brodowisko dla ro\u015blin akwariowych i wi\u0119kszo\u015bci ryb tropikalnych.\u00a0 Zawiera w swoim sk\u0142adzie pierwiastki w \u0142atwo przyswajalnych formach oraz zr\u00f3wnowa\u017con\u0105 ilo\u015b\u0107 siarczan\u00f3w oraz chlork\u00f3w. Produkt charakteryzuje si\u0119 te\u017c bardzo dobr\u0105 rozpuszczalno\u015bci\u0105 i minimalnym zm\u0119tnieniem po podaniu do zbiornika.\u00a0 <\/span><\/p>\n<p>&nbsp;<\/p>\n<p><strong>\u00a0Opakowanie 75g Dozowanie:<\/strong><\/p>\n<p>1 p\u0142aska ma\u0142a \u0142y\u017ceczka(oko\u0142o 0,8g) na 10 litr\u00f3w wody RO podnosi twardo\u015b\u0107 og\u00f3ln\u0105 o oko\u0142o 2,5odH i 0,35kH. Dozowanie wagowe 0,78g mineralizatora na 10 litr\u00f3w wody RO=2,5odH i 0,35kH. Stosowa\u0107 \u0142\u0105cznie z <b>Gen BG <\/b>\u00a01klik\/50 litr\u00f3w wody RO \/ <strong>Gen nano BG <\/strong>1kropla\/2,5 litra wody.<\/p>\n","protected":false},"featured_media":8390,"template":"","meta":[],"product_brand":[],"product_cat":[84],"product_tag":[121,125,149,124,123,150,92],"class_list":{"0":"post-179","1":"product","2":"type-product","3":"status-publish","4":"has-post-thumbnail","6":"product_cat-uzdatnianie-wody","7":"product_tag-ishiko","8":"product_tag-mineral","9":"product_tag-mineralizacja","10":"product_tag-plant","11":"product_tag-ro","12":"product_tag-wody","13":"product_tag-yokuchi","15":"first","16":"instock","17":"taxable","18":"shipping-taxable","19":"product-type-simple"},"_links":{"self":[{"href":"https:\/\/yokuchi.com\/b2b\/wp-json\/wp\/v2\/product\/179","targetHints":{"allow":["GET"]}}],"collection":[{"href":"https:\/\/yokuchi.com\/b2b\/wp-json\/wp\/v2\/product"}],"about":[{"href":"https:\/\/yokuchi.com\/b2b\/wp-json\/wp\/v2\/types\/product"}],"wp:featuredmedia":[{"embeddable":true,"href":"https:\/\/yokuchi.com\/b2b\/wp-json\/wp\/v2\/media\/8390"}],"wp:attachment":[{"href":"https:\/\/yokuchi.com\/b2b\/wp-json\/wp\/v2\/media?parent=179"}],"wp:term":[{"taxonomy":"product_brand","embeddable":true,"href":"https:\/\/yokuchi.com\/b2b\/wp-json\/wp\/v2\/product_brand?post=179"},{"taxonomy":"product_cat","embeddable":true,"href":"https:\/\/yokuchi.com\/b2b\/wp-json\/wp\/v2\/product_cat?post=179"},{"taxonomy":"product_tag","embeddable":true,"href":"https:\/\/yokuchi.com\/b2b\/wp-json\/wp\/v2\/product_tag?post=179"}],"curies":[{"name":"wp","href":"https:\/\/api.w.org\/{rel}","templated":true}]}}