{"id":171,"date":"2019-08-14T20:08:09","date_gmt":"2019-08-14T18:08:09","guid":{"rendered":"http:\/\/yokuchi.com\/?post_type=product&#038;p=171"},"modified":"2026-03-07T11:25:29","modified_gmt":"2026-03-07T10:25:29","slug":"gen-k-potassium-plynny-nawoz-potasowy-30-ml","status":"publish","type":"product","link":"https:\/\/yokuchi.com\/b2b\/produkt\/gen-k-potassium-plynny-nawoz-potasowy-30-ml\/","title":{"rendered":"Gen nano K Potassium &#8211; p\u0142ynny naw\u00f3z potasowy 30 ML"},"content":{"rendered":"","protected":false},"excerpt":{"rendered":"[su_custom_gallery source=\"media: 60963,60965\" title=\"never\"]\n<p><span style=\"font-weight: 400;\">Potas jest jednym z najwa\u017cniejszych makroelement\u00f3w. Pierwiastek ten jest aktywatorem enzym\u00f3w, uczestniczy w osmoregulacji, bierze udzia\u0142 w gospodarce azotowej ro\u015bliny, sprzyja krzewieniu i stymuluje wytwarzanie nowych \u0142odyg. Objawy\u00a0 niedobor\u00f3w potasu widoczne s\u0105 w pierwszej kolejno\u015bci na starszych li\u015bciach. W akwariach ro\u015blinnych niezb\u0119dna jest jego suplementacja. <\/span><b>Gen K &#8211;\u00a0<\/b><span style=\"font-weight: 400;\"><strong> p<\/strong><b>otassium liquid fertilizer <\/b>to innowacyjny, wysoko skoncentrowany naw\u00f3z oparty na substancjach pochodzenia organicznego charakteryzuj\u0105cych si\u0119 doskona\u0142\u0105 biodost\u0119pno\u015bci\u0105 i przyswajalno\u015bci\u0105, co pozwala \u0142atwo i bezpieczne uzupe\u0142ni\u0107\u00a0 niedobory potasu w akwarium ro\u015blinnym.<\/span><\/p>\n<p>&nbsp;<\/p>\n<p><strong>Dawkowanie:<\/strong><\/p>\n<p><strong>30ml:<\/strong> 1kropla\/5litr\u00f3w wody dziennie. Dozowa\u0107 najlepiej w pobli\u017cu wylotu wody z filtra. W przypadku du\u017cej ilo\u015bci ro\u015blin nale\u017cy odpowiednio zwi\u0119kszy\u0107 dawk\u0119 nawozu.<\/p>\n<p>&nbsp;<\/p>\n<p>&nbsp;<\/p>\n","protected":false},"featured_media":6801,"template":"","meta":[],"product_brand":[],"product_cat":[18],"product_tag":[91,107,103,108,92],"class_list":{"0":"post-171","1":"product","2":"type-product","3":"status-publish","4":"has-post-thumbnail","6":"product_cat-nawozy-plynne","7":"product_tag-dla-roslin","8":"product_tag-gen-k","9":"product_tag-nawoz","10":"product_tag-potas","11":"product_tag-yokuchi","13":"first","14":"instock","15":"taxable","16":"shipping-taxable","17":"product-type-simple"},"_links":{"self":[{"href":"https:\/\/yokuchi.com\/b2b\/wp-json\/wp\/v2\/product\/171","targetHints":{"allow":["GET"]}}],"collection":[{"href":"https:\/\/yokuchi.com\/b2b\/wp-json\/wp\/v2\/product"}],"about":[{"href":"https:\/\/yokuchi.com\/b2b\/wp-json\/wp\/v2\/types\/product"}],"wp:featuredmedia":[{"embeddable":true,"href":"https:\/\/yokuchi.com\/b2b\/wp-json\/wp\/v2\/media\/6801"}],"wp:attachment":[{"href":"https:\/\/yokuchi.com\/b2b\/wp-json\/wp\/v2\/media?parent=171"}],"wp:term":[{"taxonomy":"product_brand","embeddable":true,"href":"https:\/\/yokuchi.com\/b2b\/wp-json\/wp\/v2\/product_brand?post=171"},{"taxonomy":"product_cat","embeddable":true,"href":"https:\/\/yokuchi.com\/b2b\/wp-json\/wp\/v2\/product_cat?post=171"},{"taxonomy":"product_tag","embeddable":true,"href":"https:\/\/yokuchi.com\/b2b\/wp-json\/wp\/v2\/product_tag?post=171"}],"curies":[{"name":"wp","href":"https:\/\/api.w.org\/{rel}","templated":true}]}}