{"id":161,"date":"2019-08-14T20:00:45","date_gmt":"2019-08-14T18:00:45","guid":{"rendered":"http:\/\/yokuchi.com\/?post_type=product&#038;p=161"},"modified":"2026-03-07T11:26:16","modified_gmt":"2026-03-07T10:26:16","slug":"jiban-soil-kompletne-podloze-do-akwariow-slodkowodnych-1-l","status":"publish","type":"product","link":"https:\/\/yokuchi.com\/b2b\/produkt\/jiban-soil-kompletne-podloze-do-akwariow-slodkowodnych-1-l\/","title":{"rendered":"Jiban Soil &#8211; kompletne pod\u0142o\u017ce do akwari\u00f3w s\u0142odkowodnych 1 L"},"content":{"rendered":"","protected":false},"excerpt":{"rendered":"[su_custom_gallery source=\"media: 60963,60965\" title=\"never\"]\n<p><b>Jiban soil<\/b><span style=\"font-weight: 400;\"> jest kompletnym pod\u0142o\u017cem dla akwari\u00f3w s\u0142odkowodnych. Przy tworzeniu<\/span> <b>Jiban soil<\/b> <span style=\"font-weight: 400;\">brali udzia\u0142 najwy\u017cszej klasy specjali\u015bci w dziedzinach chemii, biologii i in\u017cynierii \u015brodowiska. Do produkcji<\/span> <b>Jiban soil<\/b> <span style=\"font-weight: 400;\">u\u017cyto najwy\u017cszej jako\u015bci surowc\u00f3w pochodzenia naturalnego. Nasze pod\u0142o\u017ce dedykowane jest do akwari\u00f3w typu high tech wyposa\u017conych w intensywne o\u015bwietlenie\u00a0 oraz instalacj\u0119 CO<\/span><span style=\"font-weight: 400;\">2<\/span><span style=\"font-weight: 400;\">. Unikalny proces produkcji pozwoli\u0142 na zachowanie wszystkich naturalnych w\u0142a\u015bciwo\u015bci u\u017cytych substrat\u00f3w. Dzi\u0119ki rewolucyjnej technologii formowania i spiekania, zosta\u0142a wytworzona\u00a0 homogenna i porowata matryca, kt\u00f3ra jest idealnym \u015brodowiskiem rozwoju mikroorganizm\u00f3w oraz systemu korzeniowego ro\u015blin. Mikroorganizmy z ro\u015blin\u0105 pozostaj\u0105 w symbiozie zapewniaj\u0105c perfekcyjny wzrost i wygl\u0105d. Zastosowanie naszego unikalnego pod\u0142o\u017ca zapewnia d\u0142ugotrwa\u0142e uwalnianie substancji od\u017cywczych i biostymuluj\u0105cych do akwarium. Dodatkowym atutem jest\u00a0 du\u017ca pojemno\u015b\u0107 jonowymienna doskonale stabilizuj\u0105ca parametry wody. Nasze pod\u0142o\u017ce obni\u017ca twardo\u015b\u0107 og\u00f3ln\u0105 i w\u0119glanow\u0105, koryguje pH tworz\u0105c tym samym idealne \u015brodowisko dla hodowli zar\u00f3wno ro\u015blin jak i ryb tropikalnych z biotop\u00f3w w\u00f3d lekko kwa\u015bnych. <\/span><\/p>\n<p><b>Instrukcja stosowania:<\/b><\/p>\n<p>Pod\u0142o\u017ce jest gotowe do u\u017cycia, nie wolno go p\u0142uka\u0107. Nie nale\u017cy go miesza\u0107 z pod\u0142o\u017cami, podk\u0142adami pod pod\u0142o\u017ca, pochodz\u0105cymi od innych producent\u00f3w.\u00a0 W nowo zak\u0142adanym akwarium nale\u017cy pokry\u0107 powierzchni\u0119 dna minimum 6 cm warstw\u0105 <b>Jiban soil<\/b><b> 1<\/b>. Pod\u0142o\u017ce zwil\u017cy\u0107 obficie wod\u0105 i pozostawi\u0107 na oko\u0142o 30-45 min. Ro\u015bliny sadzi\u0107 ostro\u017cnie za pomoc\u0105 pincety, zag\u0142\u0119biaj\u0105c ich korzenie w pod\u0142o\u017cu. Przez pierwsze 4 tygodnie zaleca si\u0119 25-50% podmiany wody dwa razy w tygodniu do czasu ustabilizowania akwarium. Przy pierwszym nape\u0142nieniu zbiornika oraz podmianach wody ponowna stabilizacja jej parametr\u00f3w nast\u0119puje po pewnym czasie. Zaleca si\u0119 stosowanie wody RO z dodatkiem mineralizatora <b>Ishiko plant mineral<\/b>. Dozwolone jest stosowanie wody wodoci\u0105gowej\u00a0 o twardo\u015bci og\u00f3lnej nie przekraczaj\u0105cej 20odH, jednak w\u00f3wczas pod\u0142o\u017ce szybciej traci w\u0142a\u015bciwo\u015bci jonowymienne.<\/p>\n<p><b>1<\/b>&#8211; W celu stworzenia idealnego \u015brodowiska dla korzeni ro\u015blin oraz wyd\u0142u\u017cenia \u017cywotno\u015bci pod\u0142o\u017ca zaleca si\u0119 u\u017cy\u0107 <b>Ganban power base<\/b>.<\/p>\n","protected":false},"featured_media":63427,"template":"","meta":[],"product_brand":[],"product_cat":[19],"product_tag":[90,91,88,89,92],"class_list":{"0":"post-161","1":"product","2":"type-product","3":"status-publish","4":"has-post-thumbnail","6":"product_cat-podloza","7":"product_tag-aktywne","8":"product_tag-dla-roslin","9":"product_tag-jiban-soil","10":"product_tag-podloze","11":"product_tag-yokuchi","13":"first","14":"instock","15":"taxable","16":"shipping-taxable","17":"product-type-simple"},"_links":{"self":[{"href":"https:\/\/yokuchi.com\/b2b\/wp-json\/wp\/v2\/product\/161","targetHints":{"allow":["GET"]}}],"collection":[{"href":"https:\/\/yokuchi.com\/b2b\/wp-json\/wp\/v2\/product"}],"about":[{"href":"https:\/\/yokuchi.com\/b2b\/wp-json\/wp\/v2\/types\/product"}],"wp:featuredmedia":[{"embeddable":true,"href":"https:\/\/yokuchi.com\/b2b\/wp-json\/wp\/v2\/media\/63427"}],"wp:attachment":[{"href":"https:\/\/yokuchi.com\/b2b\/wp-json\/wp\/v2\/media?parent=161"}],"wp:term":[{"taxonomy":"product_brand","embeddable":true,"href":"https:\/\/yokuchi.com\/b2b\/wp-json\/wp\/v2\/product_brand?post=161"},{"taxonomy":"product_cat","embeddable":true,"href":"https:\/\/yokuchi.com\/b2b\/wp-json\/wp\/v2\/product_cat?post=161"},{"taxonomy":"product_tag","embeddable":true,"href":"https:\/\/yokuchi.com\/b2b\/wp-json\/wp\/v2\/product_tag?post=161"}],"curies":[{"name":"wp","href":"https:\/\/api.w.org\/{rel}","templated":true}]}}