{"id":133,"date":"2019-08-13T21:15:52","date_gmt":"2019-08-13T19:15:52","guid":{"rendered":"http:\/\/yokuchi.com\/?post_type=product&#038;p=133"},"modified":"2026-03-07T11:25:43","modified_gmt":"2026-03-07T10:25:43","slug":"bitamin-vital-complex-30-ml","status":"publish","type":"product","link":"https:\/\/yokuchi.com\/b2b\/produkt\/bitamin-vital-complex-30-ml\/","title":{"rendered":"Bitamin nano Vital Complex 30 ML"},"content":{"rendered":"","protected":false},"excerpt":{"rendered":"[su_custom_gallery source=\"media: 60964,60963,60965\" title=\"never\"]\n<p><span style=\"font-weight: 400;\">Witaminy s\u0105 grup\u0105 zwi\u0105zk\u00f3w organicznych niezb\u0119dnych do prawid\u0142owego rozwoju i w\u0142a\u015bciwego przebiegu proces\u00f3w metabolicznych. Pr\u00f3cz bia\u0142ek, t\u0142uszcz\u00f3w i sk\u0142adnik\u00f3w mineralnych s\u0105 one jednymi z najwa\u017cniejszych substancji niezb\u0119dnych do prawid\u0142owego funkcjonowania organizm\u00f3w. Niedob\u00f3r witamin prowadzi do gro\u017anych chor\u00f3b. <\/span><b>Baitamin vital complex <\/b><span style=\"font-weight: 400;\">suplement multiwitaminowy zawieraj\u0105cy witaminy z grupy B wspomagaj\u0105cy kondycj\u0119 ryb i innych zwierz\u0105t akwariowych. Preparat redukuje stres wywo\u0142any podmian\u0105 wody, podnosi odporno\u015b\u0107 i wspomaga rekonwalescencje po przebytych chorobach. Dodany do pokarmu wzbogaca go o niezb\u0119dne witaminy.<\/span><\/p>\n<p>&nbsp;<\/p>\n<p><strong>Dozowanie:<\/strong><\/p>\n<p><span style=\"font-weight: 30;\"><strong>30ml:<\/strong> 2krople\/1litr wody do podmienianej wody. Dozowa\u0107 najlepiej w pobli\u017cu wylotu wody z filtra 1kropla\/2litry wody codziennie w przypadku obni\u017conej odporno\u015bci, choroby.<\/span><\/p>\n","protected":false},"featured_media":6796,"template":"","meta":[],"product_brand":[],"product_cat":[84],"product_tag":[94,154,95,92],"class_list":{"0":"post-133","1":"product","2":"type-product","3":"status-publish","4":"has-post-thumbnail","6":"product_cat-uzdatnianie-wody","7":"product_tag-bitamin","8":"product_tag-vital-complex","9":"product_tag-witaminy","10":"product_tag-yokuchi","12":"first","13":"instock","14":"taxable","15":"shipping-taxable","16":"product-type-simple"},"_links":{"self":[{"href":"https:\/\/yokuchi.com\/b2b\/wp-json\/wp\/v2\/product\/133","targetHints":{"allow":["GET"]}}],"collection":[{"href":"https:\/\/yokuchi.com\/b2b\/wp-json\/wp\/v2\/product"}],"about":[{"href":"https:\/\/yokuchi.com\/b2b\/wp-json\/wp\/v2\/types\/product"}],"wp:featuredmedia":[{"embeddable":true,"href":"https:\/\/yokuchi.com\/b2b\/wp-json\/wp\/v2\/media\/6796"}],"wp:attachment":[{"href":"https:\/\/yokuchi.com\/b2b\/wp-json\/wp\/v2\/media?parent=133"}],"wp:term":[{"taxonomy":"product_brand","embeddable":true,"href":"https:\/\/yokuchi.com\/b2b\/wp-json\/wp\/v2\/product_brand?post=133"},{"taxonomy":"product_cat","embeddable":true,"href":"https:\/\/yokuchi.com\/b2b\/wp-json\/wp\/v2\/product_cat?post=133"},{"taxonomy":"product_tag","embeddable":true,"href":"https:\/\/yokuchi.com\/b2b\/wp-json\/wp\/v2\/product_tag?post=133"}],"curies":[{"name":"wp","href":"https:\/\/api.w.org\/{rel}","templated":true}]}}