{"id":11792,"date":"2021-04-19T10:29:01","date_gmt":"2021-04-19T08:29:01","guid":{"rendered":"https:\/\/yokuchi.com\/?post_type=product&#038;p=11792"},"modified":"2026-03-07T11:25:59","modified_gmt":"2026-03-07T10:25:59","slug":"haisui-base-podloze-drenazowe-do-terrarium-0-5-l","status":"publish","type":"product","link":"https:\/\/yokuchi.com\/b2b\/produkt\/haisui-base-podloze-drenazowe-do-terrarium-0-5-l\/","title":{"rendered":"Haisui Base &#8211; pod\u0142o\u017ce drena\u017cowe do terrarium 0,5 L"},"content":{"rendered":"","protected":false},"excerpt":{"rendered":"<p>Pod\u0142o\u017ce drena\u017cowe <strong>Haisui base<\/strong><br \/>\nStarannie wyselekcjonowana mieszanka minera\u0142\u00f3w o porowatej strukturze przeznaczona do uprawy ro\u015blin tropikalnych w hobbystycznych uprawach. Zapewnia odpowiedni drena\u017c dla korzeni ro\u015blin oraz optymalizuje transport i magazynowanie wody w pod\u0142o\u017cu. Nasi\u0105kliwo\u015b\u0107 materia\u0142\u00f3w wynosi do 20% obj\u0119to\u015bci z\u0142o\u017ca. Pod\u0142o\u017ce zapewnia sta\u0142y dost\u0119p do mikro pierwiastk\u00f3w odpowiedzialnych za prawid\u0142owy wzrost i wybarwienie ro\u015blin.<\/p>\n<p><strong>Stosowanie:<\/strong><br \/>\nWysyp na dno terrarium\/naczynia <strong>Haisui base<\/strong> (oko\u0142o 4-5cm) nast\u0119pnie przysyp warstw\u0105<strong> Junguru Soil.<\/strong> U\u0142\u00f3\u017c aran\u017cacj\u0119, posad\u017a ro\u015bliny i podlej.<\/p>\n","protected":false},"featured_media":16018,"template":"","meta":[],"product_brand":[],"product_cat":[19],"product_tag":[129,128,89,139,92],"class_list":{"0":"post-11792","1":"product","2":"type-product","3":"status-publish","4":"has-post-thumbnail","6":"product_cat-podloza","7":"product_tag-base","8":"product_tag-haisui","9":"product_tag-podloze","10":"product_tag-terrarium","11":"product_tag-yokuchi","13":"first","14":"instock","15":"taxable","16":"shipping-taxable","17":"product-type-simple"},"_links":{"self":[{"href":"https:\/\/yokuchi.com\/b2b\/wp-json\/wp\/v2\/product\/11792","targetHints":{"allow":["GET"]}}],"collection":[{"href":"https:\/\/yokuchi.com\/b2b\/wp-json\/wp\/v2\/product"}],"about":[{"href":"https:\/\/yokuchi.com\/b2b\/wp-json\/wp\/v2\/types\/product"}],"wp:featuredmedia":[{"embeddable":true,"href":"https:\/\/yokuchi.com\/b2b\/wp-json\/wp\/v2\/media\/16018"}],"wp:attachment":[{"href":"https:\/\/yokuchi.com\/b2b\/wp-json\/wp\/v2\/media?parent=11792"}],"wp:term":[{"taxonomy":"product_brand","embeddable":true,"href":"https:\/\/yokuchi.com\/b2b\/wp-json\/wp\/v2\/product_brand?post=11792"},{"taxonomy":"product_cat","embeddable":true,"href":"https:\/\/yokuchi.com\/b2b\/wp-json\/wp\/v2\/product_cat?post=11792"},{"taxonomy":"product_tag","embeddable":true,"href":"https:\/\/yokuchi.com\/b2b\/wp-json\/wp\/v2\/product_tag?post=11792"}],"curies":[{"name":"wp","href":"https:\/\/api.w.org\/{rel}","templated":true}]}}